{"id":5360,"date":"2020-06-01T21:02:40","date_gmt":"2020-06-01T19:02:40","guid":{"rendered":"http:\/\/jolantalaunay.com\/?page_id=5360"},"modified":"2025-05-24T21:09:13","modified_gmt":"2025-05-24T19:09:13","slug":"cours-de-sculpture-dessin-peinture-bordeaux","status":"publish","type":"page","link":"https:\/\/jolantalaunay.com\/index.php\/cours-de-sculpture-dessin-peinture-bordeaux\/","title":{"rendered":"L&rsquo;atelier"},"content":{"rendered":"<p>[vc_row full_height=\u00a0\u00bbyes\u00a0\u00bb row_content_width=\u00a0\u00bbgrid\u00a0\u00bb parallax_background_image=\u00a0\u00bb5677&Prime;][vc_column]<div class=\"mkdf-elements-holder    mkdf-one-column  mkdf-responsive-mode-768 \" ><div class=\"mkdf-eh-item    \"  data-item-class=\"mkdf-eh-custom-8537\" data-1366-1600=\"139px 30% 154px 0\" data-1024-1366=\"30px 30% 10px 0\" data-768-1024=\"91px 41% 114px 0\" data-680-768=\"93px 41% 114px 0\" data-680=\"17px 3% 34px 0\">\n\t<div class=\"mkdf-eh-item-inner\">\n\t\t<div class=\"mkdf-eh-item-content mkdf-eh-custom-8537\" style=\"padding: 147px 30% 164px 0\">\n\t\t\t<div class=\"mkdf-section-title-holder  mkdf-st-standard mkdf-st-title-left mkdf-st-normal-space \" >\n\t<div class=\"mkdf-st-inner\">\n\t\t\t\t\t<h1 class=\"mkdf-st-title\" style=\"color: #ffffff\">\n\t\t\t\tCours de sculpture, dessin et peinture\t\t\t<\/h1>\n\t\t\t\t\t<\/div>\n<\/div>\t\t<\/div>\n\t<\/div>\n<\/div><\/div>[\/vc_column][\/vc_row][vc_row row_content_width=\u00a0\u00bbgrid\u00a0\u00bb content_text_aligment=\u00a0\u00bbcenter\u00a0\u00bb css=\u00a0\u00bb.vc_custom_1595428589653{margin-top: 90px !important;margin-right: 0px !important;margin-left: 0px !important;border-right-width: 1px !important;border-left-width: 1px !important;padding-top: 21px !important;padding-bottom: 32px !important;border-left-style: none !important;border-right-style: none !important;}\u00a0\u00bb][vc_column css=\u00a0\u00bb.vc_custom_1525431825524{padding-top: 0px !important;}\u00a0\u00bb]<div class=\"mkdf-section-title-holder  mkdf-st-standard mkdf-st-title-left mkdf-st-normal-space \" style=\"text-align: center\">\n\t<div class=\"mkdf-st-inner\">\n\t\t\t\t\t<h2 class=\"mkdf-st-title\" >\n\t\t\t\tL\u2019Atelier est ouvert \u00e0 tous\t\t\t<\/h2>\n\t\t\t\t\t\t\t<h5 class=\"mkdf-st-text\" >\n\t\t\t\tD\u00e9butants et confirm\u00e9s, j'accueille de nouveaux \u00e9l\u00e8ves tout au long de l\u2019ann\u00e9e.\t\t\t<\/h5>\n\t\t\t<\/div>\n<\/div>[vc_empty_space][vc_column_text]Sculpture | Anatomie | Volume | Composition | Lumi\u00e8re | Couleur | Perspective | Technique du modelage | Technique de la peinture[\/vc_column_text][\/vc_column][\/vc_row][vc_row content_placement=\u00a0\u00bbtop\u00a0\u00bb row_content_width=\u00a0\u00bbgrid\u00a0\u00bb content_text_aligment=\u00a0\u00bbcenter\u00a0\u00bb css=\u00a0\u00bb.vc_custom_1595428599768{margin-top: 120px !important;}\u00a0\u00bb][vc_column width=\u00a0\u00bb1\/4&Prime;]<div class=\"mkdf-elements-holder    mkdf-one-column  mkdf-responsive-mode-768 \" ><div class=\"mkdf-eh-item    \"  data-item-class=\"mkdf-eh-custom-3306\">\n\t<div class=\"mkdf-eh-item-inner\">\n\t\t<div class=\"mkdf-eh-item-content mkdf-eh-custom-3306\" >\n\t\t\t<div class=\"mkdf-image-with-text-holder   \">\n    <div class=\"mkdf-iwt-image\">\n                                    <img loading=\"lazy\" decoding=\"async\" width=\"280\" height=\"170\" src=\"https:\/\/jolantalaunay.com\/wp-content\/uploads\/2020\/09\/alex-jones-Tq4YjCa2BSc-unsplash.jpg\" class=\"attachment-full size-full\" alt=\"cours de sculpture \u00e0 Bordeaux modelage mains cours\" \/>                        <\/div>\n    <div class=\"mkdf-iwt-text-holder\">\n                    <h5 class=\"mkdf-iwt-title\" >Cours de sculpture<\/h5>\n        \t\t            <p class=\"mkdf-iwt-text\" >Il s\u2019agit principalement de modelage en argile ; on r\u00e9alise tout type de sculptures en terre cuite. L\u2019atelier est \u00e9quip\u00e9 d\u2019un four pour la c\u00e9ramique. On pratique aussi le modelage en pl\u00e2tre ou en papier m\u00e2ch\u00e9 (avec squelette m\u00e9tallique).<\/p>\n            <\/div>\n<\/div>\t\t<\/div>\n\t<\/div>\n<\/div><\/div>[vc_empty_space height=\u00a0\u00bb62px\u00a0\u00bb][\/vc_column][vc_column width=\u00a0\u00bb1\/4&Prime;]<div class=\"mkdf-elements-holder    mkdf-one-column  mkdf-responsive-mode-768 \" ><div class=\"mkdf-eh-item    \"  data-item-class=\"mkdf-eh-custom-8569\">\n\t<div class=\"mkdf-eh-item-inner\">\n\t\t<div class=\"mkdf-eh-item-content mkdf-eh-custom-8569\" >\n\t\t\t<div class=\"mkdf-image-with-text-holder   \">\n    <div class=\"mkdf-iwt-image\">\n                                    <img loading=\"lazy\" decoding=\"async\" width=\"280\" height=\"170\" src=\"https:\/\/jolantalaunay.com\/wp-content\/uploads\/2020\/09\/jessica-johnston-_8iqE9pPaT8-unsplash.jpg\" class=\"attachment-full size-full\" alt=\"PEINTURE cours\" \/>                        <\/div>\n    <div class=\"mkdf-iwt-text-holder\">\n                    <h5 class=\"mkdf-iwt-title\" >Cours de peinture<\/h5>\n        \t\t            <p class=\"mkdf-iwt-text\" >Au d\u00e9part, on dessine: on \u00e9tudie les proportions, la perspective, la lumi\u00e8re; on cherche \u00e0 composer sa toile. Nous utilisons diff\u00e9rentes techniques de peinture: l\u2019aquarelle, la gouache, l\u2019huile ou le collage, selon les go\u00fbts de chacun. Tous ces mat\u00e9riaux sont disponibles \u00e0 l\u2019Atelier.<\/p>\n            <\/div>\n<\/div>\t\t<\/div>\n\t<\/div>\n<\/div><\/div>[vc_empty_space height=\u00a0\u00bb62px\u00a0\u00bb][\/vc_column][vc_column width=\u00a0\u00bb1\/4&Prime;]<div class=\"mkdf-elements-holder    mkdf-one-column  mkdf-responsive-mode-768 \" ><div class=\"mkdf-eh-item    \"  data-item-class=\"mkdf-eh-custom-1961\">\n\t<div class=\"mkdf-eh-item-inner\">\n\t\t<div class=\"mkdf-eh-item-content mkdf-eh-custom-1961\" >\n\t\t\t<div class=\"mkdf-image-with-text-holder   \">\n    <div class=\"mkdf-iwt-image\">\n                                    <img loading=\"lazy\" decoding=\"async\" width=\"280\" height=\"170\" src=\"https:\/\/jolantalaunay.com\/wp-content\/uploads\/2020\/09\/goashape-Rb_wkrNoMnA-unsplash.jpg\" class=\"attachment-full size-full\" alt=\"dessin prepa cours\" \/>                        <\/div>\n    <div class=\"mkdf-iwt-text-holder\">\n                    <h5 class=\"mkdf-iwt-title\" >Pr\u00e9pa \u00e9coles d\u2019art<\/h5>\n        \t\t            <p class=\"mkdf-iwt-text\" >(T\u00e9moignages des \u00e9l\u00e8ves qui ont pass\u00e9 et r\u00e9ussi les concours d\u2019entr\u00e9e dans de prestigieuses \u00e9coles d\u2019art ou de restauration : Gobelins, \u00ab l\u2019\u00e9cole de l\u2019image \u00bb, \u00e0 Paris ; l\u2019Ecole Nationale Sup\u00e9rieure des Beaux-Arts de Lyon ; l\u2019\u00e9cole TALM, mention Conservation-restauration de biens culturels, sp\u00e9cialit\u00e9 \u0152uvres sculpt\u00e9es, \u00e0 Tours ; l\u2019ENSAD, etc.)<\/p>\n            <\/div>\n<\/div>\t\t<\/div>\n\t<\/div>\n<\/div><\/div>[vc_empty_space height=\u00a0\u00bb62px\u00a0\u00bb][\/vc_column][vc_column width=\u00a0\u00bb1\/4&Prime;]<div class=\"mkdf-elements-holder    mkdf-one-column  mkdf-responsive-mode-768 \" ><div class=\"mkdf-eh-item    \"  data-item-class=\"mkdf-eh-custom-1423\">\n\t<div class=\"mkdf-eh-item-inner\">\n\t\t<div class=\"mkdf-eh-item-content mkdf-eh-custom-1423\" >\n\t\t\t<div class=\"mkdf-image-with-text-holder   \">\n    <div class=\"mkdf-iwt-image\">\n                                    <img loading=\"lazy\" decoding=\"async\" width=\"280\" height=\"170\" src=\"https:\/\/jolantalaunay.com\/wp-content\/uploads\/2020\/09\/birmingham-museums-trust-mbYU07qF0Z4-unsplash.jpg\" class=\"attachment-full size-full\" alt=\"cours de nu modele dessin prepa cours bordeaux\" \/>                        <\/div>\n    <div class=\"mkdf-iwt-text-holder\">\n                    <h5 class=\"mkdf-iwt-title\" >Mod\u00e8le vivant<\/h5>\n        \t\t            <p class=\"mkdf-iwt-text\" >J\u2019organise chaque samedi \u00e0 9h30 des s\u00e9ances de dessin et de sculpture d\u2019apr\u00e8s mod\u00e8le vivant. Chacune de ces s\u00e9ances dure deux heures et demi. Pour y participer, il est n\u00e9cessaire de r\u00e9server une place une semaine en avance.<\/p>\n            <\/div>\n<\/div>\t\t<\/div>\n\t<\/div>\n<\/div><\/div>[vc_empty_space height=\u00a0\u00bb62px\u00a0\u00bb][\/vc_column][\/vc_row][vc_row row_content_width=\u00a0\u00bbgrid\u00a0\u00bb content_text_aligment=\u00a0\u00bbcenter\u00a0\u00bb css=\u00a0\u00bb.vc_custom_1595428610039{margin-top: 120px !important;margin-right: 0px !important;margin-bottom: 0px !important;margin-left: 0px !important;border-right-width: 1px !important;border-left-width: 1px !important;padding-top: 21px !important;padding-bottom: 32px !important;border-left-color: #cccccc !important;border-left-style: solid !important;border-right-color: #cccccc !important;border-right-style: solid !important;border-radius: 1px !important;}\u00a0\u00bb][vc_column css=\u00a0\u00bb.vc_custom_1525432215710{padding-top: 0px !important;}\u00a0\u00bb]<div class=\"mkdf-elements-holder    mkdf-one-column  mkdf-responsive-mode-768 \" ><div class=\"mkdf-eh-item    \"  data-item-class=\"mkdf-eh-custom-3268\" data-1024-1366=\"0 19% 0 19%\" data-768-1024=\"0 16% 0 16%\" data-680-768=\"0 11% 0 11%\" data-680=\"0 0 0 0\">\n\t<div class=\"mkdf-eh-item-inner\">\n\t\t<div class=\"mkdf-eh-item-content mkdf-eh-custom-3268\" style=\"padding: 0 23% 0 23%\">\n\t\t\t<div class=\"mkdf-section-title-holder  mkdf-st-standard mkdf-st-title-left mkdf-st-normal-space \" >\n\t<div class=\"mkdf-st-inner\">\n\t\t\t\t\t<h2 class=\"mkdf-st-title\" >\n\t\t\t\tProgramme\t\t\t<\/h2>\n\t\t\t\t\t<\/div>\n<\/div>[vc_empty_space][vc_column_text]<\/p>\n<p style=\"text-align: left;\">Chaque \u00e9tudiant d\u00e9veloppe ses comp\u00e9tences et son propre sens artistique.<\/p>\n<p style=\"text-align: left;\">Peignez librement, apprenez \u00e0 construire une peinture figurative et \u00e0 jouer avec la valeur, la couleur et la mati\u00e8re. Que vous soyez un d\u00e9butant ou un artiste cherchant \u00e0 d\u00e9velopper vos comp\u00e9tences, mon objectif est de vous aider \u00e0 progresser en combinant le\u00e7ons, soutien individuel et aide \u00e0 l\u2019inspiration.<\/p>\n<p style=\"text-align: left;\">Je recommande vivement \u00e0 mes \u00e9l\u00e8ves de dessiner un peu chaque jour dans des carnets \u00e0 croquis. Quinze \u00e0 vingt minutes de crayonnage quotidien font une \u00e9norme diff\u00e9rence dans l\u2019apprentissage du dessin ! Les \u00e9tudes en noir et blanc sont en effet un exercice fondamental pour l\u2019artiste figuratif, car c\u2019est ainsi qu\u2019on acquiert la ma\u00eetrise des relations de valeur.<\/p>\n<p style=\"text-align: left;\">L\u2019enseignement est pour moi une exp\u00e9rience tr\u00e8s enrichissante. Je suis fi\u00e8re de la r\u00e9ussite de mes \u00e9tudiants.<\/p>\n<p>[\/vc_column_text]\t\t<\/div>\n\t<\/div>\n<\/div><\/div>[\/vc_column][\/vc_row][vc_row row_content_width=\u00a0\u00bbgrid\u00a0\u00bb css=\u00a0\u00bb.vc_custom_1595428615848{margin-top: 120px !important;padding-top: 30px !important;padding-bottom: 30px !important;}\u00a0\u00bb][vc_column]<div class=\"mkdf-elements-holder    mkdf-one-column  mkdf-responsive-mode-768 \" ><div class=\"mkdf-eh-item    \"  data-item-class=\"mkdf-eh-custom-1458\">\n\t<div class=\"mkdf-eh-item-inner\">\n\t\t<div class=\"mkdf-eh-item-content mkdf-eh-custom-1458\" >\n\t\t\t<div class=\"mkdf-accordion-holder mkdf-ac-default  mkdf-accordion  clearfix\">\n\t<h4 class=\"mkdf-accordion-title\">\n \n\t<span class=\"mkdf-tab-title\">Horaires d\u2019ouverture pour les s\u00e9ances de trois heures<\/span>\n\t<span class=\"mkdf-accordion-mark\">\n\t\t<span class=\"mkdf_icon_plus\">+<\/span>\n\t\t<span class=\"mkdf_icon_minus\">-<\/span>\n\t<\/span>\n<\/h4>\n<div class=\"mkdf-accordion-content\">\n\t<div class=\"mkdf-accordion-content-inner\">\n\t\t[vc_column_text]<\/p>\n<ul>\n<li>Le mardi : de 10h \u00e0 12h \u00e0 l&rsquo;atelier 8 rue du <strong>H\u00e2 \u00e0 Bordeaux.<\/strong><\/li>\n<li>Le mercredi : de 14h \u00e017h\u00a0 au Centre H\u00e2 32 <em>rue du Commandant Arnould \u00e0 Bordeaux.<\/em><\/li>\n<li>Le mercredi : cours de peinture, dessin de 17h \u00e0 20h \u00e0 l&rsquo;atelier 8 rue du <strong>H\u00e2 \u00e0 Bordeaux.<\/strong><\/li>\n<li>Le jeudi de 14h \u00e017h \u00e0 l&rsquo;atelier 8 rue du <strong>H\u00e2 \u00e0 Bordeaux.<\/strong><\/li>\n<li>Le jeudi de 18h \u00e0 21h cours de dessin et modelage d&rsquo;apr\u00e8s MODELE VIVANT au Centre H\u00e2 32 <em>rue du Commandant Arnould \u00e0 Bordeaux.<\/em><\/li>\n<li>Le vendredi de 10h \u00e013h et de 15h \u00e0 18h \u00e0 l&rsquo;atelier 8 rue du <strong>H\u00e2 \u00e0 Bordeaux.<\/strong><\/li>\n<li>Le samedi de 15h \u00e0 18h \u00e0 l&rsquo;atelier 8 rue du <strong>H\u00e2 \u00e0 Bordeaux.<\/strong><\/li>\n<\/ul>\n<p>[\/vc_column_text]\t<\/div>\n<\/div><\/div>[vc_empty_space]<div class=\"mkdf-accordion-holder mkdf-ac-default  mkdf-accordion  clearfix\">\n\t<h4 class=\"mkdf-accordion-title\">\n \n\t<span class=\"mkdf-tab-title\">Tarifs \u00e0 partir de septembre 2023 pour 4 s\u00e9ances (12 heures de cours) :<\/span>\n\t<span class=\"mkdf-accordion-mark\">\n\t\t<span class=\"mkdf_icon_plus\">+<\/span>\n\t\t<span class=\"mkdf_icon_minus\">-<\/span>\n\t<\/span>\n<\/h4>\n<div class=\"mkdf-accordion-content\">\n\t<div class=\"mkdf-accordion-content-inner\">\n\t\t[vc_column_text]<\/p>\n<ul>\n<li><span style=\"font-weight: 400;\">150 euros pour 4 s\u00e9ances de 3 heures valable deux mois<\/span><\/li>\n<li><span style=\"font-weight: 400;\">La fourniture du mat\u00e9riel est comprise dans les tarifs.<\/span><\/li>\n<\/ul>\n<p>[\/vc_column_text]\t<\/div>\n<\/div><\/div>\t\t<\/div>\n\t<\/div>\n<\/div><\/div>[\/vc_column][\/vc_row][vc_row row_content_width=\u00a0\u00bbgrid\u00a0\u00bb content_text_aligment=\u00a0\u00bbcenter\u00a0\u00bb css=\u00a0\u00bb.vc_custom_1595428621585{margin-top: 120px !important;margin-right: 0px !important;margin-left: 0px !important;border-right-width: 1px !important;border-left-width: 1px !important;padding-top: 21px !important;padding-bottom: 32px !important;border-left-style: none !important;border-right-style: none !important;}\u00a0\u00bb][vc_column css=\u00a0\u00bb.vc_custom_1525431825524{padding-top: 0px !important;}\u00a0\u00bb]<div class=\"mkdf-section-title-holder  mkdf-st-standard mkdf-st-title-left mkdf-st-normal-space \" style=\"text-align: center\">\n\t<div class=\"mkdf-st-inner\">\n\t\t\t\t\t<h2 class=\"mkdf-st-title\" >\n\t\t\t\tPhotos de travaux d\u2019\u00e9tudiants\t\t\t<\/h2>\n\t\t\t\t\t<\/div>\n<\/div>[\/vc_column][\/vc_row][vc_row content_placement=\u00a0\u00bbmiddle\u00a0\u00bb row_content_width=\u00a0\u00bbgrid\u00a0\u00bb css=\u00a0\u00bb.vc_custom_1595428723419{margin-top: 90px !important;margin-bottom: 0px !important;}\u00a0\u00bb][vc_column][vc_empty_space]<div class=\"mkdf-image-gallery  mkdf-ig-carousel-type mkdf-normal-space  \">\n\t<div class=\"mkdf-ig-slider mkdf-owl-slider\" data-number-of-items=\"4\" data-enable-loop=\"yes\" data-enable-autoplay=\"yes\" data-slider-speed=\"5000\" data-slider-speed-animation=\"600\" data-slider-padding=\"no\" data-enable-navigation=\"yes\" data-enable-pagination=\"yes\">\n\t\t\t\t\t<div class=\"mkdf-ig-image\">\n\t\t\t\t\t\t\t\t\t<img loading=\"lazy\" decoding=\"async\" width=\"165\" height=\"200\" src=\"https:\/\/jolantalaunay.com\/wp-content\/uploads\/2021\/02\/DESSINONDINE.png\" class=\"attachment-full size-full\" alt=\"dessin\" \/>\t\t\t\t\t\t\t<\/div>\n\t\t\t\t\t<div class=\"mkdf-ig-image\">\n\t\t\t\t\t\t\t\t\t<img loading=\"lazy\" decoding=\"async\" width=\"825\" height=\"1000\" src=\"https:\/\/jolantalaunay.com\/wp-content\/uploads\/2021\/03\/sculpturedeleve.jpeg\" class=\"attachment-full size-full\" alt=\"\" srcset=\"https:\/\/jolantalaunay.com\/wp-content\/uploads\/2021\/03\/sculpturedeleve.jpeg 825w, https:\/\/jolantalaunay.com\/wp-content\/uploads\/2021\/03\/sculpturedeleve-248x300.jpeg 248w, https:\/\/jolantalaunay.com\/wp-content\/uploads\/2021\/03\/sculpturedeleve-768x931.jpeg 768w, https:\/\/jolantalaunay.com\/wp-content\/uploads\/2021\/03\/sculpturedeleve-600x727.jpeg 600w\" sizes=\"(max-width: 825px) 100vw, 825px\" \/>\t\t\t\t\t\t\t<\/div>\n\t\t\t\t\t<div class=\"mkdf-ig-image\">\n\t\t\t\t\t\t\t\t\t<img loading=\"lazy\" decoding=\"async\" width=\"825\" height=\"1000\" src=\"https:\/\/jolantalaunay.com\/wp-content\/uploads\/2021\/03\/peintureondine.jpeg\" class=\"attachment-full size-full\" alt=\"\" srcset=\"https:\/\/jolantalaunay.com\/wp-content\/uploads\/2021\/03\/peintureondine.jpeg 825w, https:\/\/jolantalaunay.com\/wp-content\/uploads\/2021\/03\/peintureondine-248x300.jpeg 248w, https:\/\/jolantalaunay.com\/wp-content\/uploads\/2021\/03\/peintureondine-768x931.jpeg 768w, https:\/\/jolantalaunay.com\/wp-content\/uploads\/2021\/03\/peintureondine-600x727.jpeg 600w\" sizes=\"(max-width: 825px) 100vw, 825px\" \/>\t\t\t\t\t\t\t<\/div>\n\t\t\t\t\t<div class=\"mkdf-ig-image\">\n\t\t\t\t\t\t\t\t\t<img loading=\"lazy\" decoding=\"async\" width=\"825\" height=\"1000\" src=\"https:\/\/jolantalaunay.com\/wp-content\/uploads\/2021\/03\/sculptureJPetM.jpeg\" class=\"attachment-full size-full\" alt=\"\" srcset=\"https:\/\/jolantalaunay.com\/wp-content\/uploads\/2021\/03\/sculptureJPetM.jpeg 825w, https:\/\/jolantalaunay.com\/wp-content\/uploads\/2021\/03\/sculptureJPetM-248x300.jpeg 248w, https:\/\/jolantalaunay.com\/wp-content\/uploads\/2021\/03\/sculptureJPetM-768x931.jpeg 768w, https:\/\/jolantalaunay.com\/wp-content\/uploads\/2021\/03\/sculptureJPetM-600x727.jpeg 600w\" sizes=\"(max-width: 825px) 100vw, 825px\" \/>\t\t\t\t\t\t\t<\/div>\n\t\t\t<\/div>\n<\/div>[\/vc_column][\/vc_row][vc_row css=\u00a0\u00bb.vc_custom_1595428652597{margin-top: 120px !important;}\u00a0\u00bb][vc_column]<div class=\"mkdf-elements-holder    mkdf-one-column  mkdf-responsive-mode-768 \" ><div class=\"mkdf-eh-item    \"  data-item-class=\"mkdf-eh-custom-6390\">\n\t<div class=\"mkdf-eh-item-inner\">\n\t\t<div class=\"mkdf-eh-item-content mkdf-eh-custom-6390\" >\n\t\t\t<div class=\"mkdf-testimonials-holder clearfix mkdf-testimonials-standard \">\n    <div class=\"mkdf-testimonials mkdf-owl-slider\" data-number-of-items=\"1\" data-enable-loop=\"yes\" data-enable-autoplay=\"yes\" data-slider-speed=\"5000\" data-slider-speed-animation=\"600\" data-enable-navigation=\"yes\" data-enable-pagination=\"no\">\n\n    \n            <div class=\"mkdf-testimonial-content\" id=\"mkdf-testimonials-5485\">\n                <div class=\"mkdf-testimonial-text-holder\">\n\t                <span class=\"mkdf-tesstimonial-icon\">\u201c<\/span>\n                                            <p class=\"mkdf-testimonial-text\">Dans ces cours de sculpture, j&#039;ai acquis non seulement des bases anatomiques mais aussi une meilleure approche des volumes tout en m&#039;amusant avec une nouvelle mati\u00e8re.<\/p>\n                                                                <span class=\"mkdf-testimonial-author\">\n                            <span class=\"mkdf-testimonials-author-name\">Corentin<\/span>\n                                                    <\/span>\n                                    <\/div>\n                            <\/div>\n\n    \n    <\/div>\n<\/div>\t\t<\/div>\n\t<\/div>\n<\/div><\/div>[\/vc_column][\/vc_row][vc_row css=\u00a0\u00bb.vc_custom_1595428656333{margin-top: 120px !important;}\u00a0\u00bb][vc_column width=\u00a0\u00bb1\/6&Prime;][\/vc_column][vc_column width=\u00a0\u00bb2\/3&Prime;]<div class=\"mkdf-elements-holder    mkdf-one-column  mkdf-responsive-mode-768 \" ><div class=\"mkdf-eh-item    \"  data-item-class=\"mkdf-eh-custom-3845\" data-768-1024=\"0 0 25px 0\" data-680-768=\"0 0 25px 0\" data-680=\"0 0 25px 0\">\n\t<div class=\"mkdf-eh-item-inner\">\n\t\t<div class=\"mkdf-eh-item-content mkdf-eh-custom-3845\" style=\"padding: 0 0 0 0\">\n\t\t\t<div class=\"mkdf-info-box-holder  mkdf-with-border mkdf-title-width-wide  mkdf-description-width-wide   \">\n\t<div class=\"mkdf-info-box-inner mkdf-info-box-custom-9504\" style=\"padding: 57px 36% 55px 10%;border-color: #0a0a0a\" data-item-class=\"mkdf-info-box-custom-9504\" data-1024-1366=\"57px 32% 55px 10%\" data-768-1024=\"57px 41% 55px 10%\" data-680=\"57px 14% 55px 10%\">\n\t\t<div class=\"mkdf-info-box-content\">\n\t\t\t\t\t\t\t<h3 class=\"mkdf-info-box-title\" style=\"color: #0a0a0a\">\n\t\t\t\t\tJolanta Krason Launay\t\t\t\t<\/h3>\n\t\t\t\t\t\t\t\t\t\t\t\t\t<p class=\"mkdf-info-box-description\" style=\"color: #0a0a0a\">\n\t\t\t\t\tJolanta Krason Launay Artiste sculpteur portraitiste, n\u00e9e \u00e0 Cracovie en 1973. Apr\u00e8s avoir obtenu son baccalaur\u00e9at au lyc\u00e9e d\u2019arts plastiques de Cracovie, elle \u00e9tudie \u00e0 L\u2019\u00c9cole Nationale Sup\u00e9rieure des Arts D\u00e9coratifs de Paris (ENSAD) dont elle sort dipl\u00f4m\u00e9e en 2001. Laur\u00e9ate du prix de sculpture \u00ab Destouches, Delage et Roux \u00bb \u00e0 l\u2019Institut de France en 2008.\t\t\t\t<\/p>\n\t\t\t\t\t\t\t\t\t\t<div class=\"mkdf-info-box-button\" style=\"margin-top: 59px\">\n\t\t\t\t\t<a itemprop=\"url\" href=\"http:\/\/jolantalaunay.com\/index.php\/artiste\/\" target=\"_self\"  class=\"mkdf-btn mkdf-btn-medium mkdf-btn-outline mkdf-btn-animation\"  >\t\t\t<span class=\"mkdf-btn-lines\">\t\t\t<span class=\"mkdf-btn-line\" ><\/span>\t\t\t<span class=\"mkdf-btn-line\" ><\/span>\t\t\t<span class=\"mkdf-btn-line\" ><\/span>\t\t\t<span class=\"mkdf-btn-line\" ><\/span>\t\t<\/span>\t\t<span class=\"mkdf-btn-text\">Biographie<\/span>    <\/a>\t\t\t\t<\/div>\n\t\t\t\t\t<\/div>\n\t<\/div>\n\t<\/div>\t\t<\/div>\n\t<\/div>\n<\/div><\/div>[\/vc_column][vc_column width=\u00a0\u00bb1\/6&Prime;][\/vc_column][\/vc_row][vc_row css=\u00a0\u00bb.vc_custom_1595492144961{margin-top: 120px !important;margin-bottom: 120px !important;}\u00a0\u00bb][vc_column width=\u00a0\u00bb1\/6&Prime;][\/vc_column][vc_column width=\u00a0\u00bb2\/3&Prime;]<div class=\"mkdf-elements-holder    mkdf-one-column  mkdf-responsive-mode-768 \" ><div class=\"mkdf-eh-item    \"  data-item-class=\"mkdf-eh-custom-6189\" data-768-1024=\"0 0 25px 0\" data-680-768=\"0 0 25px 0\" data-680=\"0 0 25px 0\">\n\t<div class=\"mkdf-eh-item-inner\">\n\t\t<div class=\"mkdf-eh-item-content mkdf-eh-custom-6189\" style=\"padding: 0 0 0 0\">\n\t\t\t<div class=\"mkdf-info-box-holder  mkdf-with-border mkdf-title-width-wide  mkdf-description-width-wide mkdf-button-skin-light  \">\n\t<div class=\"mkdf-info-box-inner mkdf-info-box-custom-6801\" style=\"padding: 57px 36% 55px 10%;border-color: #ebebeb\" data-item-class=\"mkdf-info-box-custom-6801\" data-1024-1366=\"57px 32% 55px 10%\" data-768-1024=\"57px 41% 55px 10%\" data-680=\"57px 14% 55px 10%\">\n\t\t<div class=\"mkdf-info-box-content\">\n\t\t\t\t\t\t\t<h3 class=\"mkdf-info-box-title\" style=\"color: #ffffff\">\n\t\t\t\t\tCarte cadeaux\t\t\t\t<\/h3>\n\t\t\t\t\t\t\t\t\t\t\t\t\t<p class=\"mkdf-info-box-description\" style=\"color: #ffffff\">\n\t\t\t\t\tOffrez des cours \u00e0 l&#039;atelier!\t\t\t\t<\/p>\n\t\t\t\t\t\t\t\t\t\t<div class=\"mkdf-info-box-button\" style=\"margin-top: 59px\">\n\t\t\t\t\t<a itemprop=\"url\" href=\"http:\/\/jolantalaunay.com\/index.php\/contact\/\" target=\"_self\"  class=\"mkdf-btn mkdf-btn-medium mkdf-btn-outline mkdf-btn-animation\"  >\t\t\t<span class=\"mkdf-btn-lines\">\t\t\t<span class=\"mkdf-btn-line\" ><\/span>\t\t\t<span class=\"mkdf-btn-line\" ><\/span>\t\t\t<span class=\"mkdf-btn-line\" ><\/span>\t\t\t<span class=\"mkdf-btn-line\" ><\/span>\t\t<\/span>\t\t<span class=\"mkdf-btn-text\">Contactez-nous<\/span>    <\/a>\t\t\t\t<\/div>\n\t\t\t\t\t<\/div>\n\t<\/div>\n\t\t\t<div class=\"mkdf-info-box-image\"  style=\"background-image: url(https:\/\/jolantalaunay.com\/wp-content\/uploads\/2020\/11\/lescours.jpg)\"><\/div>\n\t<\/div>\t\t<\/div>\n\t<\/div>\n<\/div><\/div>[\/vc_column][vc_column width=\u00a0\u00bb1\/6&Prime;][\/vc_column][\/vc_row]<\/p>\n","protected":false},"excerpt":{"rendered":"<p>[vc_row full_height=\u00a0\u00bbyes\u00a0\u00bb row_content_width=\u00a0\u00bbgrid\u00a0\u00bb parallax_background_image=\u00a0\u00bb5677&Prime;][vc_column][\/vc_column][\/vc_row][vc_row row_content_width=\u00a0\u00bbgrid\u00a0\u00bb content_text_aligment=\u00a0\u00bbcenter\u00a0\u00bb css=\u00a0\u00bb.vc_custom_1595428589653{margin-top: 90px !important;margin-right: 0px !important;margin-left: 0px !important;border-right-width: 1px !important;border-left-width: 1px !important;padding-top: 21px !important;padding-bottom: 32px !important;border-left-style: none !important;border-right-style: none !important;}\u00a0\u00bb][vc_column css=\u00a0\u00bb.vc_custom_1525431825524{padding-top: 0px !important;}\u00a0\u00bb][vc_empty_space][vc_column_text]Sculpture | Anatomie | Volume | Composition | Lumi\u00e8re | Couleur | Perspective | Technique du modelage | Technique de la peinture[\/vc_column_text][\/vc_column][\/vc_row][vc_row content_placement=\u00a0\u00bbtop\u00a0\u00bb row_content_width=\u00a0\u00bbgrid\u00a0\u00bb content_text_aligment=\u00a0\u00bbcenter\u00a0\u00bb css=\u00a0\u00bb.vc_custom_1595428599768{margin-top: 120px !important;}\u00a0\u00bb][vc_column width=\u00a0\u00bb1\/4&Prime;][vc_empty_space height=\u00a0\u00bb62px\u00a0\u00bb][\/vc_column][vc_column width=\u00a0\u00bb1\/4&Prime;][vc_empty_space [&hellip;]<\/p>\n","protected":false},"author":1,"featured_media":0,"parent":0,"menu_order":2,"comment_status":"closed","ping_status":"closed","template":"full-width.php","meta":{"footnotes":""},"_links":{"self":[{"href":"https:\/\/jolantalaunay.com\/index.php\/wp-json\/wp\/v2\/pages\/5360"}],"collection":[{"href":"https:\/\/jolantalaunay.com\/index.php\/wp-json\/wp\/v2\/pages"}],"about":[{"href":"https:\/\/jolantalaunay.com\/index.php\/wp-json\/wp\/v2\/types\/page"}],"author":[{"embeddable":true,"href":"https:\/\/jolantalaunay.com\/index.php\/wp-json\/wp\/v2\/users\/1"}],"replies":[{"embeddable":true,"href":"https:\/\/jolantalaunay.com\/index.php\/wp-json\/wp\/v2\/comments?post=5360"}],"version-history":[{"count":74,"href":"https:\/\/jolantalaunay.com\/index.php\/wp-json\/wp\/v2\/pages\/5360\/revisions"}],"predecessor-version":[{"id":5874,"href":"https:\/\/jolantalaunay.com\/index.php\/wp-json\/wp\/v2\/pages\/5360\/revisions\/5874"}],"wp:attachment":[{"href":"https:\/\/jolantalaunay.com\/index.php\/wp-json\/wp\/v2\/media?parent=5360"}],"curies":[{"name":"wp","href":"https:\/\/api.w.org\/{rel}","templated":true}]}}