{"id":2148,"date":"2018-04-30T10:06:24","date_gmt":"2018-04-30T10:06:24","guid":{"rendered":"http:\/\/bard.mikado-themes.com\/?page_id=2148"},"modified":"2023-08-14T12:34:55","modified_gmt":"2023-08-14T10:34:55","slug":"atelier","status":"publish","type":"page","link":"https:\/\/jolantalaunay.com\/index.php\/atelier\/","title":{"rendered":"Les cours"},"content":{"rendered":"<p>[vc_row full_height=\u00a0\u00bbyes\u00a0\u00bb row_content_width=\u00a0\u00bbgrid\u00a0\u00bb parallax_background_image=\u00a0\u00bb5574&Prime;][vc_column]<div class=\"mkdf-elements-holder    mkdf-one-column  mkdf-responsive-mode-768 \" ><div class=\"mkdf-eh-item    \"  data-item-class=\"mkdf-eh-custom-5482\" data-1366-1600=\"139px 30% 154px 0\" data-1024-1366=\"30px 30% 10px 0\" data-768-1024=\"91px 41% 114px 0\" data-680-768=\"93px 41% 114px 0\" data-680=\"17px 3% 34px 0\">\n\t<div class=\"mkdf-eh-item-inner\">\n\t\t<div class=\"mkdf-eh-item-content mkdf-eh-custom-5482\" style=\"padding: 147px 30% 164px 0\">\n\t\t\t<div class=\"mkdf-section-title-holder  mkdf-st-standard mkdf-st-title-left mkdf-st-normal-space \" >\n\t<div class=\"mkdf-st-inner\">\n\t\t\t\t\t<h1 class=\"mkdf-st-title\" style=\"color: #ffffff\">\n\t\t\t\tL'Atelier de Jolanta Launay\t\t\t<\/h1>\n\t\t\t\t\t<\/div>\n<\/div>\t\t<\/div>\n\t<\/div>\n<\/div><\/div>[\/vc_column][\/vc_row][vc_row row_content_width=\u00a0\u00bbgrid\u00a0\u00bb content_text_aligment=\u00a0\u00bbcenter\u00a0\u00bb css=\u00a0\u00bb.vc_custom_1595428211085{margin-top: 90px !important;margin-right: 0px !important;margin-bottom: 0px !important;margin-left: 0px !important;border-right-width: 1px !important;border-left-width: 1px !important;padding-top: 21px !important;padding-bottom: 32px !important;border-left-style: none !important;border-right-style: none !important;}\u00a0\u00bb][vc_column css=\u00a0\u00bb.vc_custom_1525431825524{padding-top: 0px !important;}\u00a0\u00bb]<div class=\"mkdf-section-title-holder  mkdf-st-standard mkdf-st-title-left mkdf-st-normal-space \" style=\"text-align: center\">\n\t<div class=\"mkdf-st-inner\">\n\t\t\t\t\t<h2 class=\"mkdf-st-title\" >\n\t\t\t\tUn espace de cr\u00e9ation\t\t\t<\/h2>\n\t\t\t\t\t<\/div>\n<\/div>[vc_empty_space height=\u00a0\u00bb42px\u00a0\u00bb][vc_column_text]<\/p>\n<p class=\"p1\" style=\"text-align: center;\">Cet espace de cr\u00e9ation et de formation existe depuis 15 ans. Il se situe au 8 rue du H\u00e2, en plein centre-ville de Bordeaux, entre les stations de tramway \u00ab\u00a0Mus\u00e9e d\u2019Aquitaine\u00a0\u00bb et \u00ab\u00a0H\u00f4tel de ville\u00a0\u00bb. J\u2019y enseigne le dessin, la peinture et le modelage.<\/p>\n<p>[\/vc_column_text][\/vc_column][\/vc_row][vc_row row_content_width=\u00a0\u00bbgrid\u00a0\u00bb content_text_aligment=\u00a0\u00bbcenter\u00a0\u00bb css=\u00a0\u00bb.vc_custom_1595428206197{margin-top: 120px !important;padding-bottom: 30px !important;}\u00a0\u00bb][vc_column]<div class=\"mkdf-image-gallery  mkdf-ig-carousel-type mkdf-normal-space  \">\n\t<div class=\"mkdf-ig-slider mkdf-owl-slider\" data-number-of-items=\"4\" data-enable-loop=\"yes\" data-enable-autoplay=\"yes\" data-slider-speed=\"5000\" data-slider-speed-animation=\"600\" data-slider-padding=\"no\" data-enable-navigation=\"yes\" data-enable-pagination=\"no\">\n\t\t\t\t\t<div class=\"mkdf-ig-image\">\n\t\t\t\t\t\t\t\t\t<img loading=\"lazy\" decoding=\"async\" width=\"280\" height=\"280\" src=\"https:\/\/jolantalaunay.com\/wp-content\/uploads\/2020\/10\/atelier-nuit.jpg\" class=\"attachment-full size-full\" alt=\"atelier vitrine la nuit\" srcset=\"https:\/\/jolantalaunay.com\/wp-content\/uploads\/2020\/10\/atelier-nuit.jpg 280w, https:\/\/jolantalaunay.com\/wp-content\/uploads\/2020\/10\/atelier-nuit-150x150.jpg 150w, https:\/\/jolantalaunay.com\/wp-content\/uploads\/2020\/10\/atelier-nuit-100x100.jpg 100w\" sizes=\"(max-width: 280px) 100vw, 280px\" \/>\t\t\t\t\t\t\t<\/div>\n\t\t\t\t\t<div class=\"mkdf-ig-image\">\n\t\t\t\t\t\t\t\t\t<img loading=\"lazy\" decoding=\"async\" width=\"280\" height=\"280\" src=\"https:\/\/jolantalaunay.com\/wp-content\/uploads\/2020\/10\/vitrine-de-derriere.jpg\" class=\"attachment-full size-full\" alt=\"\" srcset=\"https:\/\/jolantalaunay.com\/wp-content\/uploads\/2020\/10\/vitrine-de-derriere.jpg 280w, https:\/\/jolantalaunay.com\/wp-content\/uploads\/2020\/10\/vitrine-de-derriere-150x150.jpg 150w, https:\/\/jolantalaunay.com\/wp-content\/uploads\/2020\/10\/vitrine-de-derriere-100x100.jpg 100w\" sizes=\"(max-width: 280px) 100vw, 280px\" \/>\t\t\t\t\t\t\t<\/div>\n\t\t\t\t\t<div class=\"mkdf-ig-image\">\n\t\t\t\t\t\t\t\t\t<img loading=\"lazy\" decoding=\"async\" width=\"280\" height=\"280\" src=\"https:\/\/jolantalaunay.com\/wp-content\/uploads\/2020\/10\/sculpture-Patrick.jpg\" class=\"attachment-full size-full\" alt=\"sculpture platre\" srcset=\"https:\/\/jolantalaunay.com\/wp-content\/uploads\/2020\/10\/sculpture-Patrick.jpg 280w, https:\/\/jolantalaunay.com\/wp-content\/uploads\/2020\/10\/sculpture-Patrick-150x150.jpg 150w, https:\/\/jolantalaunay.com\/wp-content\/uploads\/2020\/10\/sculpture-Patrick-100x100.jpg 100w\" sizes=\"(max-width: 280px) 100vw, 280px\" \/>\t\t\t\t\t\t\t<\/div>\n\t\t\t\t\t<div class=\"mkdf-ig-image\">\n\t\t\t\t\t\t\t\t\t<img loading=\"lazy\" decoding=\"async\" width=\"280\" height=\"280\" src=\"https:\/\/jolantalaunay.com\/wp-content\/uploads\/2020\/10\/cherubins-sur-le-socle.jpg\" class=\"attachment-full size-full\" alt=\"cherubins sur socle c\u00e9ramique\" srcset=\"https:\/\/jolantalaunay.com\/wp-content\/uploads\/2020\/10\/cherubins-sur-le-socle.jpg 280w, https:\/\/jolantalaunay.com\/wp-content\/uploads\/2020\/10\/cherubins-sur-le-socle-150x150.jpg 150w, https:\/\/jolantalaunay.com\/wp-content\/uploads\/2020\/10\/cherubins-sur-le-socle-100x100.jpg 100w\" sizes=\"(max-width: 280px) 100vw, 280px\" \/>\t\t\t\t\t\t\t<\/div>\n\t\t\t<\/div>\n<\/div>[\/vc_column][\/vc_row][vc_row row_content_width=\u00a0\u00bbgrid\u00a0\u00bb][vc_column]<div class=\"mkdf-single-image-holder   \">\n    <div class=\"mkdf-si-inner\" >\n                                    <img loading=\"lazy\" decoding=\"async\" width=\"1206\" height=\"846\" src=\"https:\/\/jolantalaunay.com\/wp-content\/uploads\/2020\/10\/la-porte-de-latelier.jpg\" class=\"attachment-full size-full\" alt=\"entr\u00e9e la porte\" srcset=\"https:\/\/jolantalaunay.com\/wp-content\/uploads\/2020\/10\/la-porte-de-latelier.jpg 1206w, https:\/\/jolantalaunay.com\/wp-content\/uploads\/2020\/10\/la-porte-de-latelier-300x210.jpg 300w, https:\/\/jolantalaunay.com\/wp-content\/uploads\/2020\/10\/la-porte-de-latelier-1024x718.jpg 1024w, https:\/\/jolantalaunay.com\/wp-content\/uploads\/2020\/10\/la-porte-de-latelier-768x539.jpg 768w, https:\/\/jolantalaunay.com\/wp-content\/uploads\/2020\/10\/la-porte-de-latelier-600x421.jpg 600w\" sizes=\"(max-width: 1206px) 100vw, 1206px\" \/>                        <\/div>\n<\/div>[\/vc_column][\/vc_row][vc_row row_content_width=\u00a0\u00bbgrid\u00a0\u00bb content_text_aligment=\u00a0\u00bbcenter\u00a0\u00bb css=\u00a0\u00bb.vc_custom_1595428226754{margin-top: 120px !important;margin-right: 0px !important;margin-bottom: 0px !important;margin-left: 0px !important;border-right-width: 1px !important;border-left-width: 1px !important;padding-top: 21px !important;padding-bottom: 32px !important;border-left-color: #cccccc !important;border-left-style: solid !important;border-right-color: #cccccc !important;border-right-style: solid !important;border-radius: 1px !important;}\u00a0\u00bb][vc_column css=\u00a0\u00bb.vc_custom_1525432215710{padding-top: 0px !important;}\u00a0\u00bb]<div class=\"mkdf-elements-holder    mkdf-one-column  mkdf-responsive-mode-768 \" ><div class=\"mkdf-eh-item    \"  data-item-class=\"mkdf-eh-custom-5120\" data-1024-1366=\"0 19% 0 19%\" data-768-1024=\"0 16% 0 16%\" data-680-768=\"0 11% 0 11%\" data-680=\"0 0 0 0\">\n\t<div class=\"mkdf-eh-item-inner\">\n\t\t<div class=\"mkdf-eh-item-content mkdf-eh-custom-5120\" style=\"padding: 0 23% 0 23%\">\n\t\t\t<div class=\"mkdf-section-title-holder  mkdf-st-standard mkdf-st-title-left mkdf-st-normal-space \" >\n\t<div class=\"mkdf-st-inner\">\n\t\t\t\t\t<h2 class=\"mkdf-st-title\" >\n\t\t\t\tL\u2019histoire\t\t\t<\/h2>\n\t\t\t\t\t<\/div>\n<\/div>[vc_empty_space][vc_column_text]<\/p>\n<p class=\"gmail-p1\" style=\"text-align: left;\">Au d\u00e9part, j\u2019ai utilis\u00e9 ce lieu comme espace d\u2019exposition pour des artistes d\u2019Europe de l\u2019est. J\u2019y ai d\u2019abord pr\u00e9sent\u00e9 des \u0153uvres de peinture essentiellement figurative, des gravures (tch\u00e8ques et polonaises), des dessins (de grand format) ainsi que des affiches russes appartenant \u00e0 un collectionneur am\u00e9ricain qui vivait alors \u00e0 Bordeaux\u00a0; j\u2019ai ensuite\u00a0offert \u00e0 d\u2019autres cr\u00e9ateurs la possibilit\u00e9 d\u2019exposer dans ce lieu. J\u2019ai re\u00e7u de nombreuses personnes \u00e0 ces expositions, mais il est venu un moment o\u00f9 j\u2019ai d\u00fb choisir entre l\u2019activit\u00e9 de galeriste et celle d\u2019artiste-enseignante.<\/p>\n<p class=\"gmail-p1\" style=\"text-align: left;\">Les cours d\u2019art se d\u00e9roulent en petits groupes (de six personnes au maximum).<\/p>\n<p class=\"gmail-p1\" style=\"text-align: left;\">J\u2019accompagne chacun dans son projet personnel, ou bien je propose un sujet pour apprendre \u00e0 dessiner, modeler ou peindre.\u00a0Les \u00e9l\u00e8ves peuvent pratiquer plusieurs disciplines s\u2019ils le souhaitent. Les cours se d\u00e9roulent dans une tr\u00e8s bonne ambiance et sont l\u2019occasion de nombreux \u00e9changes sur le plan artistique.<\/p>\n<p class=\"gmail-p1\" style=\"text-align: left;\">L\u2019atelier accueille des amateurs aussi bien que des \u00e9l\u00e8ves souhaitant se perfectionner pour pr\u00e9parer les concours des \u00e9coles d\u2019art.<\/p>\n<p>[\/vc_column_text]\t\t<\/div>\n\t<\/div>\n<\/div><\/div>[\/vc_column][\/vc_row][vc_row css=\u00a0\u00bb.vc_custom_1595428235156{margin-top: 120px !important;}\u00a0\u00bb][vc_column width=\u00a0\u00bb1\/6&Prime;][\/vc_column][vc_column width=\u00a0\u00bb2\/3&Prime;]<div class=\"mkdf-elements-holder    mkdf-one-column  mkdf-responsive-mode-768 \" ><div class=\"mkdf-eh-item    \"  data-item-class=\"mkdf-eh-custom-7652\" data-768-1024=\"0 0 25px 0\" data-680-768=\"0 0 25px 0\" data-680=\"0 0 25px 0\">\n\t<div class=\"mkdf-eh-item-inner\">\n\t\t<div class=\"mkdf-eh-item-content mkdf-eh-custom-7652\" style=\"padding: 0 0 0 0\">\n\t\t\t<div class=\"mkdf-info-box-holder  mkdf-with-border mkdf-title-width-wide  mkdf-description-width-wide mkdf-button-skin-light  \">\n\t<div class=\"mkdf-info-box-inner mkdf-info-box-custom-1686\" style=\"padding: 57px 36% 55px 10%;border-color: #ebebeb\" data-item-class=\"mkdf-info-box-custom-1686\" data-1024-1366=\"57px 32% 55px 10%\" data-768-1024=\"57px 41% 55px 10%\" data-680=\"57px 14% 55px 10%\">\n\t\t<div class=\"mkdf-info-box-content\">\n\t\t\t\t\t\t\t<h3 class=\"mkdf-info-box-title\" style=\"color: #ffffff\">\n\t\t\t\t\tLes cours dans l&#039;Atelier\t\t\t\t<\/h3>\n\t\t\t\t\t\t\t\t\t\t\t\t\t<p class=\"mkdf-info-box-description\" style=\"color: #ffffff\">\n\t\t\t\t\tCours de sculpture, dessin et peinture, pr\u00e9pa \u00c9cole d\u2019Art et mod\u00e8le vivant.\t\t\t\t<\/p>\n\t\t\t\t\t\t\t\t\t\t<div class=\"mkdf-info-box-button\" style=\"margin-top: 59px\">\n\t\t\t\t\t<a itemprop=\"url\" href=\"https:\/\/jolantalaunay.com\/index.php\/cours-de-sculpture-dessin-peinture-bordeaux\/\" target=\"_self\"  class=\"mkdf-btn mkdf-btn-medium mkdf-btn-outline mkdf-btn-animation\"  >\t\t\t<span class=\"mkdf-btn-lines\">\t\t\t<span class=\"mkdf-btn-line\" ><\/span>\t\t\t<span class=\"mkdf-btn-line\" ><\/span>\t\t\t<span class=\"mkdf-btn-line\" ><\/span>\t\t\t<span class=\"mkdf-btn-line\" ><\/span>\t\t<\/span>\t\t<span class=\"mkdf-btn-text\">D\u00e9couvrez les cours<\/span>    <\/a>\t\t\t\t<\/div>\n\t\t\t\t\t<\/div>\n\t<\/div>\n\t\t\t<div class=\"mkdf-info-box-image\"  style=\"background-image: url(https:\/\/jolantalaunay.com\/wp-content\/uploads\/2020\/11\/lescours.jpg)\"><\/div>\n\t<\/div>\t\t<\/div>\n\t<\/div>\n<\/div><\/div>[\/vc_column][vc_column width=\u00a0\u00bb1\/6&Prime;][\/vc_column][\/vc_row][vc_row row_content_width=\u00a0\u00bbgrid\u00a0\u00bb content_text_aligment=\u00a0\u00bbcenter\u00a0\u00bb css=\u00a0\u00bb.vc_custom_1595428206197{margin-top: 120px !important;padding-bottom: 30px !important;}\u00a0\u00bb][vc_column][\/vc_column][\/vc_row][vc_row content_placement=\u00a0\u00bbmiddle\u00a0\u00bb row_content_width=\u00a0\u00bbgrid\u00a0\u00bb content_text_aligment=\u00a0\u00bbcenter\u00a0\u00bb css=\u00a0\u00bb.vc_custom_1595428242967{margin-top: 120px !important;margin-bottom: 0px !important;}\u00a0\u00bb][vc_column]<div class=\"mkdf-elements-holder    mkdf-one-column  mkdf-responsive-mode-768 \" ><div class=\"mkdf-eh-item    \"  data-item-class=\"mkdf-eh-custom-7142\">\n\t<div class=\"mkdf-eh-item-inner\">\n\t\t<div class=\"mkdf-eh-item-content mkdf-eh-custom-7142\" >\n\t\t\t<div class=\"mkdf-section-title-holder  mkdf-st-standard mkdf-st-title-left mkdf-st-normal-space \" >\n\t<div class=\"mkdf-st-inner\">\n\t\t\t\t\t<h3 class=\"mkdf-st-title\" >\n\t\t\t\tR\u00e9parations de sculptures et c\u00e9ramiques\t\t\t<\/h3>\n\t\t\t\t\t<\/div>\n<\/div>[vc_empty_space][vc_empty_space]<div class=\"mkdf-image-gallery  mkdf-ig-carousel-type mkdf-normal-space  \">\n\t<div class=\"mkdf-ig-slider mkdf-owl-slider\" data-number-of-items=\"4\" data-enable-loop=\"yes\" data-enable-autoplay=\"yes\" data-slider-speed=\"5000\" data-slider-speed-animation=\"600\" data-slider-padding=\"no\" data-enable-navigation=\"yes\" data-enable-pagination=\"no\">\n\t\t\t\t\t<div class=\"mkdf-ig-image\">\n\t\t\t\t\t\t\t\t\t<img loading=\"lazy\" decoding=\"async\" width=\"280\" height=\"280\" src=\"https:\/\/jolantalaunay.com\/wp-content\/uploads\/2020\/10\/sculpture-Patrick.jpg\" class=\"attachment-full size-full\" alt=\"sculpture platre\" srcset=\"https:\/\/jolantalaunay.com\/wp-content\/uploads\/2020\/10\/sculpture-Patrick.jpg 280w, https:\/\/jolantalaunay.com\/wp-content\/uploads\/2020\/10\/sculpture-Patrick-150x150.jpg 150w, https:\/\/jolantalaunay.com\/wp-content\/uploads\/2020\/10\/sculpture-Patrick-100x100.jpg 100w\" sizes=\"(max-width: 280px) 100vw, 280px\" \/>\t\t\t\t\t\t\t<\/div>\n\t\t\t\t\t<div class=\"mkdf-ig-image\">\n\t\t\t\t\t\t\t\t\t<img loading=\"lazy\" decoding=\"async\" width=\"280\" height=\"280\" src=\"https:\/\/jolantalaunay.com\/wp-content\/uploads\/2020\/10\/cherubins-sur-le-socle.jpg\" class=\"attachment-full size-full\" alt=\"cherubins sur socle c\u00e9ramique\" srcset=\"https:\/\/jolantalaunay.com\/wp-content\/uploads\/2020\/10\/cherubins-sur-le-socle.jpg 280w, https:\/\/jolantalaunay.com\/wp-content\/uploads\/2020\/10\/cherubins-sur-le-socle-150x150.jpg 150w, https:\/\/jolantalaunay.com\/wp-content\/uploads\/2020\/10\/cherubins-sur-le-socle-100x100.jpg 100w\" sizes=\"(max-width: 280px) 100vw, 280px\" \/>\t\t\t\t\t\t\t<\/div>\n\t\t\t\t\t<div class=\"mkdf-ig-image\">\n\t\t\t\t\t\t\t\t\t<img loading=\"lazy\" decoding=\"async\" width=\"280\" height=\"280\" src=\"https:\/\/jolantalaunay.com\/wp-content\/uploads\/2021\/03\/reparation1.jpg\" class=\"attachment-full size-full\" alt=\"terre cutite\" srcset=\"https:\/\/jolantalaunay.com\/wp-content\/uploads\/2021\/03\/reparation1.jpg 280w, https:\/\/jolantalaunay.com\/wp-content\/uploads\/2021\/03\/reparation1-150x150.jpg 150w, https:\/\/jolantalaunay.com\/wp-content\/uploads\/2021\/03\/reparation1-100x100.jpg 100w\" sizes=\"(max-width: 280px) 100vw, 280px\" \/>\t\t\t\t\t\t\t<\/div>\n\t\t\t\t\t<div class=\"mkdf-ig-image\">\n\t\t\t\t\t\t\t\t\t<img loading=\"lazy\" decoding=\"async\" width=\"280\" height=\"280\" src=\"https:\/\/jolantalaunay.com\/wp-content\/uploads\/2021\/03\/re\u0301paration2.jpg\" class=\"attachment-full size-full\" alt=\"\" srcset=\"https:\/\/jolantalaunay.com\/wp-content\/uploads\/2021\/03\/re\u0301paration2.jpg 280w, https:\/\/jolantalaunay.com\/wp-content\/uploads\/2021\/03\/re\u0301paration2-150x150.jpg 150w, https:\/\/jolantalaunay.com\/wp-content\/uploads\/2021\/03\/re\u0301paration2-100x100.jpg 100w\" sizes=\"(max-width: 280px) 100vw, 280px\" \/>\t\t\t\t\t\t\t<\/div>\n\t\t\t<\/div>\n<\/div>[vc_empty_space]<a itemprop=\"url\" href=\"http:\/\/jolantalaunay.com\/index.php\/contact\/\" target=\"_self\" style=\"text-transform: uppercase\" class=\"mkdf-btn mkdf-btn-medium mkdf-btn-outline mkdf-btn-animation\"  >\n\t\t\t<span class=\"mkdf-btn-lines\">\n\t\t\t<span class=\"mkdf-btn-line\" ><\/span>\n\t\t\t<span class=\"mkdf-btn-line\" ><\/span>\n\t\t\t<span class=\"mkdf-btn-line\" ><\/span>\n\t\t\t<span class=\"mkdf-btn-line\" ><\/span>\n\t\t<\/span>\n\t\t<span class=\"mkdf-btn-text\">Contactez-nous<\/span>\n    <\/a>\t\t<\/div>\n\t<\/div>\n<\/div><\/div>[\/vc_column][\/vc_row][vc_row css=\u00a0\u00bb.vc_custom_1595491547389{margin-top: 120px !important;margin-bottom: 120px !important;}\u00a0\u00bb][vc_column width=\u00a0\u00bb1\/6&Prime;][\/vc_column][vc_column width=\u00a0\u00bb2\/3&Prime;]<div class=\"mkdf-elements-holder    mkdf-one-column  mkdf-responsive-mode-768 \" ><div class=\"mkdf-eh-item    \"  data-item-class=\"mkdf-eh-custom-9081\" data-768-1024=\"0 0 25px 0\" data-680-768=\"0 0 25px 0\" data-680=\"0 0 25px 0\">\n\t<div class=\"mkdf-eh-item-inner\">\n\t\t<div class=\"mkdf-eh-item-content mkdf-eh-custom-9081\" style=\"padding: 0 0 0 0\">\n\t\t\t<div class=\"mkdf-info-box-holder  mkdf-with-border mkdf-title-width-wide  mkdf-description-width-wide   \">\n\t<div class=\"mkdf-info-box-inner mkdf-info-box-custom-8156\" style=\"padding: 57px 36% 55px 10%;border-color: #0a0a0a\" data-item-class=\"mkdf-info-box-custom-8156\" data-1024-1366=\"57px 32% 55px 10%\" data-768-1024=\"57px 41% 55px 10%\" data-680=\"57px 14% 55px 10%\">\n\t\t<div class=\"mkdf-info-box-content\">\n\t\t\t\t\t\t\t<h3 class=\"mkdf-info-box-title\" style=\"color: #000000\">\n\t\t\t\t\tJolanta Krason Launay\t\t\t\t<\/h3>\n\t\t\t\t\t\t\t\t\t\t\t\t\t<p class=\"mkdf-info-box-description\" style=\"color: #0a0a0a\">\n\t\t\t\t\tArtiste portraitiste dipl\u00f4m\u00e9e de l\u2019Ecole Nationale Sup\u00e9rieure des Arts D\u00e9coratifs de Paris (ENSAD) Laur\u00e9ate du prix de sculpture \u00ab Destouches, Delage et Roux \u00bb \u00e0 l\u2019Institut de France.\t\t\t\t<\/p>\n\t\t\t\t\t\t\t\t\t\t<div class=\"mkdf-info-box-button\" style=\"margin-top: 59px\">\n\t\t\t\t\t<a itemprop=\"url\" href=\"http:\/\/jolantalaunay.com\/index.php\/artiste\/\" target=\"_self\"  class=\"mkdf-btn mkdf-btn-medium mkdf-btn-outline mkdf-btn-animation\"  >\t\t\t<span class=\"mkdf-btn-lines\">\t\t\t<span class=\"mkdf-btn-line\" ><\/span>\t\t\t<span class=\"mkdf-btn-line\" ><\/span>\t\t\t<span class=\"mkdf-btn-line\" ><\/span>\t\t\t<span class=\"mkdf-btn-line\" ><\/span>\t\t<\/span>\t\t<span class=\"mkdf-btn-text\">Biographie<\/span>    <\/a>\t\t\t\t<\/div>\n\t\t\t\t\t<\/div>\n\t<\/div>\n\t<\/div>\t\t<\/div>\n\t<\/div>\n<\/div><\/div>[\/vc_column][vc_column width=\u00a0\u00bb1\/6&Prime;][\/vc_column][\/vc_row]<\/p>\n","protected":false},"excerpt":{"rendered":"<p>[vc_row full_height=\u00a0\u00bbyes\u00a0\u00bb row_content_width=\u00a0\u00bbgrid\u00a0\u00bb parallax_background_image=\u00a0\u00bb5574&Prime;][vc_column][\/vc_column][\/vc_row][vc_row row_content_width=\u00a0\u00bbgrid\u00a0\u00bb content_text_aligment=\u00a0\u00bbcenter\u00a0\u00bb css=\u00a0\u00bb.vc_custom_1595428211085{margin-top: 90px !important;margin-right: 0px !important;margin-bottom: 0px !important;margin-left: 0px !important;border-right-width: 1px !important;border-left-width: 1px !important;padding-top: 21px !important;padding-bottom: 32px !important;border-left-style: none !important;border-right-style: none !important;}\u00a0\u00bb][vc_column css=\u00a0\u00bb.vc_custom_1525431825524{padding-top: 0px !important;}\u00a0\u00bb][vc_empty_space height=\u00a0\u00bb42px\u00a0\u00bb][vc_column_text] Cet espace de cr\u00e9ation et de formation existe depuis 15 ans. Il se situe au 8 rue du H\u00e2, en plein centre-ville de Bordeaux, entre les stations [&hellip;]<\/p>\n","protected":false},"author":1,"featured_media":0,"parent":0,"menu_order":0,"comment_status":"closed","ping_status":"closed","template":"full-width.php","meta":{"footnotes":""},"_links":{"self":[{"href":"https:\/\/jolantalaunay.com\/index.php\/wp-json\/wp\/v2\/pages\/2148"}],"collection":[{"href":"https:\/\/jolantalaunay.com\/index.php\/wp-json\/wp\/v2\/pages"}],"about":[{"href":"https:\/\/jolantalaunay.com\/index.php\/wp-json\/wp\/v2\/types\/page"}],"author":[{"embeddable":true,"href":"https:\/\/jolantalaunay.com\/index.php\/wp-json\/wp\/v2\/users\/1"}],"replies":[{"embeddable":true,"href":"https:\/\/jolantalaunay.com\/index.php\/wp-json\/wp\/v2\/comments?post=2148"}],"version-history":[{"count":44,"href":"https:\/\/jolantalaunay.com\/index.php\/wp-json\/wp\/v2\/pages\/2148\/revisions"}],"predecessor-version":[{"id":5872,"href":"https:\/\/jolantalaunay.com\/index.php\/wp-json\/wp\/v2\/pages\/2148\/revisions\/5872"}],"wp:attachment":[{"href":"https:\/\/jolantalaunay.com\/index.php\/wp-json\/wp\/v2\/media?parent=2148"}],"curies":[{"name":"wp","href":"https:\/\/api.w.org\/{rel}","templated":true}]}}