{"id":2144,"date":"2018-04-30T09:46:27","date_gmt":"2018-04-30T07:46:27","guid":{"rendered":"http:\/\/bard.mikado-themes.com\/?page_id=2144"},"modified":"2021-03-21T14:14:24","modified_gmt":"2021-03-21T13:14:24","slug":"artiste","status":"publish","type":"page","link":"https:\/\/jolantalaunay.com\/index.php\/artiste\/","title":{"rendered":"L&rsquo;Artiste"},"content":{"rendered":"<p>[vc_row full_height=\u00a0\u00bbyes\u00a0\u00bb row_content_width=\u00a0\u00bbgrid\u00a0\u00bb parallax_background_image=\u00a0\u00bb5813&Prime;][vc_column]<div class=\"mkdf-elements-holder    mkdf-one-column  mkdf-responsive-mode-768 \" ><div class=\"mkdf-eh-item    \"  data-item-class=\"mkdf-eh-custom-2963\" data-1366-1600=\"139px 30% 154px 0\" data-1024-1366=\"30px 30% 10px 0\" data-768-1024=\"91px 41% 114px 0\" data-680-768=\"93px 41% 114px 0\" data-680=\"17px 3% 34px 0\">\n\t<div class=\"mkdf-eh-item-inner\">\n\t\t<div class=\"mkdf-eh-item-content mkdf-eh-custom-2963\" style=\"padding: 147px 30% 164px 0\">\n\t\t\t<div class=\"mkdf-section-title-holder  mkdf-st-standard mkdf-st-title-left mkdf-st-normal-space \" >\n\t<div class=\"mkdf-st-inner\">\n\t\t\t\t\t<h1 class=\"mkdf-st-title\" style=\"color: #ffffff\">\n\t\t\t\tJolanta Krason Launay\t\t\t<\/h1>\n\t\t\t\t\t<\/div>\n<\/div>\t\t<\/div>\n\t<\/div>\n<\/div><\/div>[\/vc_column][\/vc_row][vc_row row_content_width=\u00a0\u00bbgrid\u00a0\u00bb css=\u00a0\u00bb.vc_custom_1595428315969{margin-top: 90px !important;}\u00a0\u00bb][vc_column offset=\u00a0\u00bbvc_col-lg-offset-0 vc_col-lg-6 vc_col-md-offset-0 vc_col-md-12 vc_col-sm-offset-0 vc_col-xs-12&Prime;]<div class=\"mkdf-elements-holder    mkdf-one-column  mkdf-responsive-mode-768 \" ><div class=\"mkdf-eh-item    \" style=\"background-image: url(https:\/\/jolantalaunay.com\/wp-content\/uploads\/2020\/10\/autoportrair-atelier-Paris.png)\" data-item-class=\"mkdf-eh-custom-7246\" data-1366-1600=\"446px 0 444px 0\" data-1024-1366=\"458px 0 458px 0\" data-768-1024=\"670px 0 444px 0\" data-680-768=\"670px 0 444px 0\">\n\t<div class=\"mkdf-eh-item-inner\">\n\t\t<div class=\"mkdf-eh-item-content mkdf-eh-custom-7246\" style=\"padding: 446px 0 444px 0\">\n\t\t\t\t\t<\/div>\n\t<\/div>\n<\/div><\/div>[vc_empty_space height=\u00a0\u00bb25px\u00a0\u00bb][\/vc_column][vc_column offset=\u00a0\u00bbvc_col-lg-offset-0 vc_col-lg-6 vc_col-md-offset-0 vc_col-md-12 vc_col-sm-offset-0&Prime;]<div class=\"mkdf-elements-holder    mkdf-one-column  mkdf-responsive-mode-768 \" ><div class=\"mkdf-eh-item    \" style=\"background-color: #efefef\" data-item-class=\"mkdf-eh-custom-2641\" data-1024-1366=\"0 7% 0 5%\" data-768-1024=\"0 22% 0 5%\" data-680-768=\"0 6% 0 5%\">\n\t<div class=\"mkdf-eh-item-inner\">\n\t\t<div class=\"mkdf-eh-item-content mkdf-eh-custom-2641\" style=\"padding: 40px 20px 20px 40px\">\n\t\t\t[vc_empty_space]<div class=\"mkdf-section-title-holder  mkdf-st-standard mkdf-st-title-left mkdf-st-normal-space \" >\n\t<div class=\"mkdf-st-inner\">\n\t\t\t\t\t<h3 class=\"mkdf-st-title\" >\n\t\t\t\tBiographie\t\t\t<\/h3>\n\t\t\t\t\t<\/div>\n<\/div>[vc_empty_space][vc_column_text]<\/p>\n<p class=\"p1\" style=\"text-align: left;\">Jolanta Launay est n\u00e9e \u00e0 Cracovie en 1973. Apr\u00e8s avoir obtenu son baccalaur\u00e9at au lyc\u00e9e d\u2019arts plastiques de Cracovie, elle \u00e9tudie \u00e0 l\u2019\u00c9cole Nationale Sup\u00e9rieure des Arts D\u00e9coratifs de Paris et en sort dipl\u00f4m\u00e9e en 2001. En 2007, elle est finaliste du concours pour la cr\u00e9ation et la r\u00e9alisation d\u2019une statue de Jacques Chaban-Delmas \u00e0 Bordeaux. En 2008, elle est laur\u00e9ate du prix de sculpture \u00ab\u00a0Destouches, Delage et Roux\u00a0\u00bb \u00e0 l\u2019Institut de France. Elle est \u00e9galement finaliste d\u2019un concours organis\u00e9 par la Communaut\u00e9 Urbaine de Montpellier pour l\u2019\u00e9rection de dix statues en bronze sur le th\u00e8me \u00ab\u00a0Les Grands Hommes du XX<sup>e<\/sup> si\u00e8cle\u00a0\u00bb. Elle participe \u00e0 diff\u00e9rentes expositions \u00e0 Bordeaux, Cracovie, Mexico, et expose \u00e0 Paris en f\u00e9vrier 2010 en tant que membre de la Fondation Taylor. Elle poursuit aujourd\u2019hui ses recherches en sculpture et en peinture dans son atelier bordelais.<\/p>\n<p>[\/vc_column_text][vc_empty_space]\t\t<\/div>\n\t<\/div>\n<\/div><\/div>[\/vc_column][\/vc_row][vc_row row_content_width=\u00a0\u00bbgrid\u00a0\u00bb content_text_aligment=\u00a0\u00bbcenter\u00a0\u00bb css=\u00a0\u00bb.vc_custom_1595428336054{margin-top: 120px !important;}\u00a0\u00bb][vc_column]<div class=\"mkdf-banner-holder  mkdf-visible-on-default mkdf-banner-info-centered\">\n    <div class=\"mkdf-banner-image\">\n        <img loading=\"lazy\" decoding=\"async\" width=\"600\" height=\"253\" src=\"https:\/\/jolantalaunay.com\/wp-content\/uploads\/2020\/10\/les-oeuvres.jpg\" class=\"attachment-full size-full\" alt=\"Les \u0153uvres\" srcset=\"https:\/\/jolantalaunay.com\/wp-content\/uploads\/2020\/10\/les-oeuvres.jpg 600w, https:\/\/jolantalaunay.com\/wp-content\/uploads\/2020\/10\/les-oeuvres-300x127.jpg 300w\" sizes=\"(max-width: 600px) 100vw, 600px\" \/>    <\/div>\n    <div class=\"mkdf-banner-text-holder\" >\n\t    <div class=\"mkdf-banner-text-outer mkdf-banner-full-width\">\n\t\t    <div class=\"mkdf-banner-text-inner\">\n\t\t\t    \t\t\t        <h3 class=\"mkdf-banner-title\" style=\"color: #ffffff\">\n\t\t\t            Les \u0153uvres\t\t            <\/h3>\n\t\t        \t\t        \t\t\t\t\t\t\t<\/div>\n\t\t<\/div>\n\t<\/div>\n\t        <a itemprop=\"url\" class=\"mkdf-banner-link\" href=\"http:\/\/jolantalaunay.com\/index.php\/oeuvres\/\" target=\"_self\"><\/a>\n    <\/div>[vc_empty_space]<div class=\"mkdf-banner-holder  mkdf-visible-on-default mkdf-banner-info-centered\">\n    <div class=\"mkdf-banner-image\">\n        <img loading=\"lazy\" decoding=\"async\" width=\"528\" height=\"1079\" src=\"https:\/\/jolantalaunay.com\/wp-content\/uploads\/2021\/03\/article-dans-le-sud-ouest-web.jpg\" class=\"attachment-full size-full\" alt=\"article sud-ouest\" srcset=\"https:\/\/jolantalaunay.com\/wp-content\/uploads\/2021\/03\/article-dans-le-sud-ouest-web.jpg 528w, https:\/\/jolantalaunay.com\/wp-content\/uploads\/2021\/03\/article-dans-le-sud-ouest-web-147x300.jpg 147w, https:\/\/jolantalaunay.com\/wp-content\/uploads\/2021\/03\/article-dans-le-sud-ouest-web-501x1024.jpg 501w\" sizes=\"(max-width: 528px) 100vw, 528px\" \/>    <\/div>\n    <div class=\"mkdf-banner-text-holder\" >\n\t    <div class=\"mkdf-banner-text-outer mkdf-banner-full-width\">\n\t\t    <div class=\"mkdf-banner-text-inner\">\n\t\t\t    \t\t        \t\t\t\t\t\t\t<\/div>\n\t\t<\/div>\n\t<\/div>\n\t<\/div>[\/vc_column][\/vc_row][vc_row][vc_column][vc_empty_space]<div class=\"mkdf-image-with-text-holder   \">\n    <div class=\"mkdf-iwt-image\">\n                                    <img loading=\"lazy\" decoding=\"async\" width=\"1268\" height=\"1582\" src=\"https:\/\/jolantalaunay.com\/wp-content\/uploads\/2020\/11\/article.jpg\" class=\"attachment-full size-full\" alt=\"article magazine d&#039;art\" srcset=\"https:\/\/jolantalaunay.com\/wp-content\/uploads\/2020\/11\/article.jpg 1268w, https:\/\/jolantalaunay.com\/wp-content\/uploads\/2020\/11\/article-240x300.jpg 240w, https:\/\/jolantalaunay.com\/wp-content\/uploads\/2020\/11\/article-821x1024.jpg 821w, https:\/\/jolantalaunay.com\/wp-content\/uploads\/2020\/11\/article-768x958.jpg 768w, https:\/\/jolantalaunay.com\/wp-content\/uploads\/2020\/11\/article-1231x1536.jpg 1231w, https:\/\/jolantalaunay.com\/wp-content\/uploads\/2020\/11\/article-600x749.jpg 600w\" sizes=\"(max-width: 1268px) 100vw, 1268px\" \/>                        <\/div>\n    <div class=\"mkdf-iwt-text-holder\">\n        \t\t    <\/div>\n<\/div>[\/vc_column][\/vc_row][vc_row][vc_column]<div class=\"mkdf-image-with-text-holder   \">\n    <div class=\"mkdf-iwt-image\">\n                                    <img loading=\"lazy\" decoding=\"async\" width=\"640\" height=\"480\" src=\"https:\/\/jolantalaunay.com\/wp-content\/uploads\/2020\/11\/Article1.gif\" class=\"attachment-full size-full\" alt=\"fondation taylor Paris article Nicole Lamothe\" \/>                        <\/div>\n    <div class=\"mkdf-iwt-text-holder\">\n        \t\t    <\/div>\n<\/div>[\/vc_column][\/vc_row]<\/p>\n","protected":false},"excerpt":{"rendered":"<p>[vc_row full_height=\u00a0\u00bbyes\u00a0\u00bb row_content_width=\u00a0\u00bbgrid\u00a0\u00bb parallax_background_image=\u00a0\u00bb5813&Prime;][vc_column][\/vc_column][\/vc_row][vc_row row_content_width=\u00a0\u00bbgrid\u00a0\u00bb css=\u00a0\u00bb.vc_custom_1595428315969{margin-top: 90px !important;}\u00a0\u00bb][vc_column offset=\u00a0\u00bbvc_col-lg-offset-0 vc_col-lg-6 vc_col-md-offset-0 vc_col-md-12 vc_col-sm-offset-0 vc_col-xs-12&Prime;][vc_empty_space height=\u00a0\u00bb25px\u00a0\u00bb][\/vc_column][vc_column offset=\u00a0\u00bbvc_col-lg-offset-0 vc_col-lg-6 vc_col-md-offset-0 vc_col-md-12 vc_col-sm-offset-0&Prime;][\/vc_column][\/vc_row][vc_row row_content_width=\u00a0\u00bbgrid\u00a0\u00bb content_text_aligment=\u00a0\u00bbcenter\u00a0\u00bb css=\u00a0\u00bb.vc_custom_1595428336054{margin-top: 120px !important;}\u00a0\u00bb][vc_column][vc_empty_space][\/vc_column][\/vc_row][vc_row][vc_column][vc_empty_space][\/vc_column][\/vc_row][vc_row][vc_column][\/vc_column][\/vc_row]<\/p>\n","protected":false},"author":1,"featured_media":0,"parent":0,"menu_order":1,"comment_status":"closed","ping_status":"closed","template":"full-width.php","meta":{"footnotes":""},"_links":{"self":[{"href":"https:\/\/jolantalaunay.com\/index.php\/wp-json\/wp\/v2\/pages\/2144"}],"collection":[{"href":"https:\/\/jolantalaunay.com\/index.php\/wp-json\/wp\/v2\/pages"}],"about":[{"href":"https:\/\/jolantalaunay.com\/index.php\/wp-json\/wp\/v2\/types\/page"}],"author":[{"embeddable":true,"href":"https:\/\/jolantalaunay.com\/index.php\/wp-json\/wp\/v2\/users\/1"}],"replies":[{"embeddable":true,"href":"https:\/\/jolantalaunay.com\/index.php\/wp-json\/wp\/v2\/comments?post=2144"}],"version-history":[{"count":31,"href":"https:\/\/jolantalaunay.com\/index.php\/wp-json\/wp\/v2\/pages\/2144\/revisions"}],"predecessor-version":[{"id":5336,"href":"https:\/\/jolantalaunay.com\/index.php\/wp-json\/wp\/v2\/pages\/2144\/revisions\/5336"}],"wp:attachment":[{"href":"https:\/\/jolantalaunay.com\/index.php\/wp-json\/wp\/v2\/media?parent=2144"}],"curies":[{"name":"wp","href":"https:\/\/api.w.org\/{rel}","templated":true}]}}